{"id":351,"date":"2023-09-25T14:19:15","date_gmt":"2023-09-25T12:19:15","guid":{"rendered":"https:\/\/aozuerichsee.ch\/?page_id=351"},"modified":"2024-07-05T14:21:52","modified_gmt":"2024-07-05T12:21:52","slug":"geschichte","status":"publish","type":"page","link":"https:\/\/aozuerichsee.ch\/index.php\/geschichte\/","title":{"rendered":"Geschichte"},"content":{"rendered":"\n<h2 class=\"wp-block-heading has-text-align-center has-text-color\" style=\"color:#651d32\">Die Geschichte des Akkordeon Orchesters Z\u00fcrichsee<\/h2>\n\n\n\n<div style=\"height:35px\" aria-hidden=\"true\" class=\"wp-block-spacer\"><\/div>\n\n\n\n<div class=\"wp-block-group\"><div class=\"wp-block-group__inner-container is-layout-constrained wp-block-group-is-layout-constrained\">\n<p class=\"has-text-align-center has-large-font-size\"><strong>2019<\/strong><\/p>\n\n\n\n<p class=\"has-medium-font-size\">2019 f\u00fchrte die Begeisterung f\u00fcr das Akkordeon die Spielenden von drei eigenst\u00e4ndigen Akkordeon Orchestern zu einer Spielgemeinschaft zusammen. <strong>Susanna Hug-Iten<\/strong>, Dirigentin des Akkordeon Orchesters Horgen, \u00fcberzeugte die Spielenden des Akkordeon Orchesters R\u00fcschlikon, Thalwil, Oberrieden und des Akkordeon Orchesters W\u00e4denswil mit ihrer mitreissenden, erfrischenden und professionellen Art.<\/p>\n\n\n\n<div class=\"wp-block-media-text is-stacked-on-mobile is-vertically-aligned-top\" style=\"grid-template-columns:58% auto\"><figure class=\"wp-block-media-text__media\"><img loading=\"lazy\" decoding=\"async\" width=\"1024\" height=\"508\" src=\"https:\/\/aozuerichsee.ch\/wp-content\/uploads\/2023\/11\/2019_Nov_Konzert_Serata-1024x508.jpg\" alt=\"\" class=\"wp-image-1029 size-full\" srcset=\"https:\/\/aozuerichsee.ch\/wp-content\/uploads\/2023\/11\/2019_Nov_Konzert_Serata-1024x508.jpg 1024w, https:\/\/aozuerichsee.ch\/wp-content\/uploads\/2023\/11\/2019_Nov_Konzert_Serata-300x149.jpg 300w, https:\/\/aozuerichsee.ch\/wp-content\/uploads\/2023\/11\/2019_Nov_Konzert_Serata-768x381.jpg 768w, https:\/\/aozuerichsee.ch\/wp-content\/uploads\/2023\/11\/2019_Nov_Konzert_Serata.jpg 1181w\" sizes=\"auto, (max-width: 1024px) 100vw, 1024px\" \/><\/figure><div class=\"wp-block-media-text__content\">\n<p class=\"has-medium-font-size\"><strong>Susanna Hug-Iten<\/strong> \u00fcbernahm die musikalische Leitung der Spielgemeinschaft und die gemeinsamen Proben begannen im Januar 2019 in Horgen. <\/p>\n<\/div><\/div>\n\n\n\n<p class=\"has-medium-font-size\">Der Probetag wurde auf den Donnerstag festgelegt und die Geschichte nahm ihren Lauf.<\/p>\n\n\n\n<hr class=\"wp-block-separator has-alpha-channel-opacity\"\/>\n<\/div><\/div>\n\n\n\n<div class=\"wp-block-group\"><div class=\"wp-block-group__inner-container is-layout-constrained wp-block-group-is-layout-constrained\">\n<div class=\"wp-block-group\"><div class=\"wp-block-group__inner-container is-layout-constrained wp-block-group-is-layout-constrained\">\n<p class=\"has-text-align-center has-large-font-size\"><strong>2020<\/strong><\/p>\n\n\n\n<p class=\"has-medium-font-size\">F\u00fcr niemanden war das&nbsp;<strong>Corona-Jahr<\/strong>&nbsp;wie jedes andere und alle mussten sich an die Ver\u00e4nderungen anpassen. Innerhalb einer Woche wurden&nbsp;die Proben im M\u00e4rz ausgesetzt&nbsp;und konnten erst im Juni unter erschwerten Bedingungen wieder aufgenommen werden. Gegen Herbst waren die&nbsp;Proben aufgrund der&nbsp;restriktiven&nbsp;Bedingungen&nbsp;mit einem noch gr\u00f6sseren Aufwand verbunden. <\/p>\n<\/div><\/div>\n<\/div><\/div>\n\n\n\n<div class=\"wp-block-columns is-layout-flex wp-container-core-columns-is-layout-9d6595d7 wp-block-columns-is-layout-flex\">\n<div class=\"wp-block-column is-layout-flow wp-block-column-is-layout-flow\">\n<p class=\"has-medium-font-size\">Schweren Herzens war das Orchester gezwungen, auf die geplanten Weihnachtskonzerte zu verzichten und die Konzerte wurden abgesagt.&nbsp;Trotzdem wurde viel&nbsp;gemeinsam erzielt und das erste AO- Video ist entstanden.<\/p>\n<\/div>\n\n\n\n<div class=\"wp-block-column is-layout-flow wp-block-column-is-layout-flow\">\n<figure class=\"wp-block-video\"><video height=\"1080\" style=\"aspect-ratio: 1920 \/ 1080;\" width=\"1920\" controls src=\"https:\/\/aozuerichsee.ch\/wp-content\/uploads\/2023\/10\/Akkordeon-Orchester-Zuerichsee-Weihnachtsgruss-2019-2020.mp4\"><\/video><\/figure>\n<\/div>\n<\/div>\n\n\n\n<hr class=\"wp-block-separator has-alpha-channel-opacity\"\/>\n\n\n\n<div class=\"wp-block-group\"><div class=\"wp-block-group__inner-container is-layout-constrained wp-block-group-is-layout-constrained\">\n<p class=\"has-text-align-center has-large-font-size\"><strong>2021<\/strong><\/p>\n\n\n\n<p class=\"has-medium-font-size\">Das Akkordeon Orchester W\u00e4denswil wird offiziell aufgel\u00f6st. Im Namen des Akkordeon Orchesters W\u00e4denswil verabschiedet sich der Pr\u00e4sident <strong>Traugott Weber <\/strong>im Rahmen des Konzertes in der Reformierten Kirche in W\u00e4denswil am 5. Dezember 2021. Die Spieler des Akkordeon Orchesters W\u00e4denswil bleiben der Spielgemeinschaft erhalten.<\/p>\n<\/div><\/div>\n\n\n\n<div class=\"wp-block-media-text is-stacked-on-mobile is-vertically-aligned-center\" style=\"grid-template-columns:53% auto\"><figure class=\"wp-block-media-text__media\"><img loading=\"lazy\" decoding=\"async\" width=\"1024\" height=\"461\" src=\"https:\/\/aozuerichsee.ch\/wp-content\/uploads\/2023\/10\/IMG-20211205-WA0007-1024x461.jpg\" alt=\"Konzert Ref. Kirche W\u00e4denswil Dezember 2021\" class=\"wp-image-746 size-full\" srcset=\"https:\/\/aozuerichsee.ch\/wp-content\/uploads\/2023\/10\/IMG-20211205-WA0007-1024x461.jpg 1024w, https:\/\/aozuerichsee.ch\/wp-content\/uploads\/2023\/10\/IMG-20211205-WA0007-300x135.jpg 300w, https:\/\/aozuerichsee.ch\/wp-content\/uploads\/2023\/10\/IMG-20211205-WA0007-768x346.jpg 768w, https:\/\/aozuerichsee.ch\/wp-content\/uploads\/2023\/10\/IMG-20211205-WA0007-1536x692.jpg 1536w, https:\/\/aozuerichsee.ch\/wp-content\/uploads\/2023\/10\/IMG-20211205-WA0007.jpg 2016w\" sizes=\"auto, (max-width: 1024px) 100vw, 1024px\" \/><\/figure><div class=\"wp-block-media-text__content\">\n<p class=\"has-medium-font-size\">Das Akkordeon Orchester W\u00e4denswil wird offiziell aufgel\u00f6st. Im Namen des Akkordeon Orchesters W\u00e4denswil verabschiedet sich der Pr\u00e4sident <strong>Traugott Weber <\/strong>im Rahmen des Konzertes in der Reformierten Kirche in W\u00e4denswil am 5. Dezember 2021. Die Spieler des Akkordeon Orchesters W\u00e4denswil bleiben der Spielgemeinschaft erhalten.<\/p>\n<\/div><\/div>\n\n\n\n<div class=\"wp-block-media-text has-media-on-the-right is-stacked-on-mobile\" style=\"grid-template-columns:auto 39%\"><div class=\"wp-block-media-text__content\">\n<p class=\"has-medium-font-size\">V\u00f6llig \u00fcberraschend und unfassbar muss das Orchester zwei Tage sp\u00e4ter von ihrem Spieler, Aktivmitglied und Ehrenpr\u00e4sidenten des AO R\u00fcschlikon, Thalwil, Oberrieden <strong>Peter&nbsp;Bleuer<\/strong> Abschied nehmen. Unerwartet verstarb er am 8. Dezember 2021. Die Spielgemeinschaft trat ihm zu Ehren an der Kirchlichen Abdankung am 16. Dezember 2021 in Obfelden auf.<\/p>\n<\/div><figure class=\"wp-block-media-text__media\"><img loading=\"lazy\" decoding=\"async\" width=\"1024\" height=\"787\" src=\"https:\/\/aozuerichsee.ch\/wp-content\/uploads\/2023\/11\/IMG-20200921-WA0017-1024x787.jpg\" alt=\"\" class=\"wp-image-1021 size-full\" srcset=\"https:\/\/aozuerichsee.ch\/wp-content\/uploads\/2023\/11\/IMG-20200921-WA0017-1024x787.jpg 1024w, https:\/\/aozuerichsee.ch\/wp-content\/uploads\/2023\/11\/IMG-20200921-WA0017-300x231.jpg 300w, https:\/\/aozuerichsee.ch\/wp-content\/uploads\/2023\/11\/IMG-20200921-WA0017-768x590.jpg 768w, https:\/\/aozuerichsee.ch\/wp-content\/uploads\/2023\/11\/IMG-20200921-WA0017-1536x1181.jpg 1536w, https:\/\/aozuerichsee.ch\/wp-content\/uploads\/2023\/11\/IMG-20200921-WA0017.jpg 2048w\" sizes=\"auto, (max-width: 1024px) 100vw, 1024px\" \/><\/figure><\/div>\n\n\n\n<hr class=\"wp-block-separator has-alpha-channel-opacity\"\/>\n\n\n\n<div class=\"wp-block-group\"><div class=\"wp-block-group__inner-container is-layout-constrained wp-block-group-is-layout-constrained\">\n<p class=\"has-text-align-center has-large-font-size\"><strong>2023<\/strong><\/p>\n\n\n\n<p class=\"has-medium-font-size\">Ein geschichtstr\u00e4chtiges Jahr f\u00fcr die Spielgemeinschaft der Akkordeon Orchester Horgen, R\u00fcschlikon, Thalwil, Oberrieden und ehemaligen W\u00e4denswil. Nach 4 Jahren gemeinsamen&nbsp; Musizierens, stimmten die Mitglieder an der Generalversammlungen der Vereinsfusion zu. Die Gr\u00fcndungsversammlung fand am 10. M\u00e4rz 2023 in der Dorfbeiz Horgen statt. Der neue Name <strong>Akkordeon Orchester Z\u00fcrichsee<\/strong> (AOZ) widerspiegelt die Region, aus der die ehemaligen Orchester und ihre Mitglieder kommen. Die Gr\u00fcndung erfolgt r\u00fcckwirend auf den 1. Januar 2023. <\/p>\n\n\n\n<p class=\"has-medium-font-size\">Der neue Vorstand unter der <strong>Pr\u00e4sidentin Andrea Haller<\/strong> wurde einstimmig gew\u00e4hlt. <strong>Susanna Hug-Iten <\/strong>\u00fcbernimmt die <strong>musikalische Leitung <\/strong>des Orchesters. <\/p>\n\n\n\n<p class=\"has-medium-font-size\">Dem Engagement der Spieler des Akkordeon Orchesters Z\u00fcrichsee ist zu verdanken, dass dieses in Horgen weiterbesteht. Die Tradition der Akkordeonmusik wird am Z\u00fcrichsee weitergef\u00fchrt.<\/p>\n\n\n\n<p class=\"has-text-align-center has-medium-font-size\"><a href=\"https:\/\/aozuerichsee.ch\/wp-content\/uploads\/2023\/10\/Fusion_2023.pdf\">Zeitungsartikel Fusion 2023<\/a><\/p>\n<\/div><\/div>\n\n\n\n<hr class=\"wp-block-separator has-alpha-channel-opacity\"\/>\n\n\n\n<h2 class=\"wp-block-heading has-text-align-center has-large-font-size\"><strong>2024<\/strong><\/h2>\n\n\n\n<p class=\"has-medium-font-size\">2024 startete das AOZ, zusammen mit dem AO Z\u00fcrich-Altstetten und HC Stadt Z\u00fcrich, mit dem ganz besonderen Projekt <strong>All You Can Hear<\/strong> im <strong>Theater Neumarkt Z\u00fcrich<\/strong> im April. <\/p>\n\n\n\n<p class=\"has-medium-font-size\">47 Akkordeon:innen in allen R\u00e4umen des Theaters. Live! Sich verlieren, bleiben und lauschen. In der Maske, im Direktionsb\u00fcro und hinter der B\u00fchne. Manche Akkordeons gruppierten sich Centre Stage, andere versteckten sich im hintersten Winkel. Alle wurden sie dirigiert und spielten ein gemeinsames Lied. Die Theaterbesucher machten sich auf die Suche und bewegten sie sich frei nach Stimmung. Mitsingen war erlaubt! Eine tolle Erfahrung die unter die Haut ging.<\/p>\n\n\n\n<p class=\"has-medium-font-size\">Intensiv wurde auch geprobt f\u00fcr das Eidg. Akkordeon Musikfest vom 1.-2. Juni 2024 in Sursee. Das 18. Eidg. Akkordeon Musikfest war ein grossartiges Fest und das AOZ ist stolz auf das Ergebnis \u2018<strong>Sehr Gut<\/strong>\u2018 in der Kategorie Oberstufe mit dem Pflichtst\u00fcck \u2018Atlantis\u2019 von Silke D\u2019Inka und dem Wahlst\u00fcck \u2018Danz\u00f3n No. 2\u2019 von Arturo M\u00e1rquez &#8211; unser und vorallem Susanna&#8217;s Traum, mit diesem am Eidg. Musikfest aufzutreten.<\/p>\n\n\n\n<hr class=\"wp-block-separator has-alpha-channel-opacity\"\/>\n","protected":false},"excerpt":{"rendered":"<p>Die Geschichte des Akkordeon Orchesters Z\u00fcrichsee 2019 2019 f\u00fchrte die Begeisterung f\u00fcr das Akkordeon die Spielenden von drei eigenst\u00e4ndigen Akkordeon Orchestern zu einer Spielgemeinschaft zusammen. Susanna Hug-Iten, Dirigentin des Akkordeon Orchesters Horgen, \u00fcberzeugte die Spielenden des Akkordeon Orchesters R\u00fcschlikon, Thalwil, Oberrieden und des Akkordeon Orchesters W\u00e4denswil mit ihrer mitreissenden, erfrischenden und professionellen Art. Susanna Hug-Iten&hellip;<\/p>\n","protected":false},"author":3,"featured_media":0,"parent":0,"menu_order":0,"comment_status":"closed","ping_status":"closed","template":"","meta":{"footnotes":""},"class_list":["post-351","page","type-page","status-publish","hentry"],"_links":{"self":[{"href":"https:\/\/aozuerichsee.ch\/index.php\/wp-json\/wp\/v2\/pages\/351","targetHints":{"allow":["GET"]}}],"collection":[{"href":"https:\/\/aozuerichsee.ch\/index.php\/wp-json\/wp\/v2\/pages"}],"about":[{"href":"https:\/\/aozuerichsee.ch\/index.php\/wp-json\/wp\/v2\/types\/page"}],"author":[{"embeddable":true,"href":"https:\/\/aozuerichsee.ch\/index.php\/wp-json\/wp\/v2\/users\/3"}],"replies":[{"embeddable":true,"href":"https:\/\/aozuerichsee.ch\/index.php\/wp-json\/wp\/v2\/comments?post=351"}],"version-history":[{"count":44,"href":"https:\/\/aozuerichsee.ch\/index.php\/wp-json\/wp\/v2\/pages\/351\/revisions"}],"predecessor-version":[{"id":1369,"href":"https:\/\/aozuerichsee.ch\/index.php\/wp-json\/wp\/v2\/pages\/351\/revisions\/1369"}],"wp:attachment":[{"href":"https:\/\/aozuerichsee.ch\/index.php\/wp-json\/wp\/v2\/media?parent=351"}],"curies":[{"name":"wp","href":"https:\/\/api.w.org\/{rel}","templated":true}]}}