{"id":360,"date":"2023-09-27T14:59:44","date_gmt":"2023-09-27T12:59:44","guid":{"rendered":"https:\/\/aozuerichsee.ch\/?page_id=360"},"modified":"2023-11-08T16:11:26","modified_gmt":"2023-11-08T15:11:26","slug":"finanzen","status":"publish","type":"page","link":"https:\/\/aozuerichsee.ch\/index.php\/finanzen\/","title":{"rendered":"Finanzen"},"content":{"rendered":"\n<h2 class=\"wp-block-heading has-text-align-left\"><mark style=\"background-color:rgba(0, 0, 0, 0);color:#651d32\" class=\"has-inline-color\">Jahresbeitr\u00e4ge<\/mark><\/h2>\n\n\n\n<p class=\"has-text-align-left\">Unterst\u00fctzen Sie unser Orchester mit einer Passivmitglied- oder G\u00f6nnerschaft oder w\u00e4re Ihnen ein Notensponsoring lieber? Bitte bei einer Einzahlung &#8218;<strong>Notensponsoring<\/strong>&#8218; vermerken.<\/p>\n\n\n\n<p class=\"has-text-align-left\"><strong>Vielen Dank!<\/strong><\/p>\n\n\n\n<hr class=\"wp-block-separator has-alpha-channel-opacity\"\/>\n\n\n\n<div class=\"wp-block-columns is-layout-flex wp-container-core-columns-is-layout-9d6595d7 wp-block-columns-is-layout-flex\">\n<div class=\"wp-block-column is-vertically-aligned-top is-layout-flow wp-block-column-is-layout-flow\">\n<p class=\"has-text-align-left\">Aktivmitgliedschaft: Fr. 130.\u2014<\/p>\n\n\n\n<p class=\"has-text-align-left\">Aktive Ehren- &amp; Vorstandsmitglieder: Fr. 65.\u2014<\/p>\n\n\n\n<p class=\"has-text-align-left\">Passivmitgliedschaft: Fr. 20.\u2014<\/p>\n\n\n\n<p class=\"has-text-align-left\">Notensponsoring: Fr. 130.\u2014<\/p>\n<\/div>\n<\/div>\n\n\n\n<hr class=\"wp-block-separator has-alpha-channel-opacity\"\/>\n\n\n\n<h2 class=\"wp-block-heading has-text-align-left\"><mark style=\"background-color:rgba(0, 0, 0, 0);color:#651d32\" class=\"has-inline-color\">Konto Bank Zimmerberg<\/mark><\/h2>\n\n\n\n<p class=\"has-text-align-left\">IBAN CH53 0682 4042 0008 1320 9 <\/p>\n\n\n\n<hr class=\"wp-block-separator has-alpha-channel-opacity\"\/>\n","protected":false},"excerpt":{"rendered":"<p>Jahresbeitr\u00e4ge Unterst\u00fctzen Sie unser Orchester mit einer Passivmitglied- oder G\u00f6nnerschaft oder w\u00e4re Ihnen ein Notensponsoring lieber? Bitte bei einer Einzahlung &#8218;Notensponsoring&#8218; vermerken. Vielen Dank! Aktivmitgliedschaft: Fr. 130.\u2014 Aktive Ehren- &amp; Vorstandsmitglieder: Fr. 65.\u2014 Passivmitgliedschaft: Fr. 20.\u2014 Notensponsoring: Fr. 130.\u2014 Konto Bank Zimmerberg IBAN CH53 0682 4042 0008 1320 9<\/p>\n","protected":false},"author":3,"featured_media":0,"parent":0,"menu_order":0,"comment_status":"closed","ping_status":"closed","template":"","meta":{"footnotes":""},"class_list":["post-360","page","type-page","status-publish","hentry"],"_links":{"self":[{"href":"https:\/\/aozuerichsee.ch\/index.php\/wp-json\/wp\/v2\/pages\/360","targetHints":{"allow":["GET"]}}],"collection":[{"href":"https:\/\/aozuerichsee.ch\/index.php\/wp-json\/wp\/v2\/pages"}],"about":[{"href":"https:\/\/aozuerichsee.ch\/index.php\/wp-json\/wp\/v2\/types\/page"}],"author":[{"embeddable":true,"href":"https:\/\/aozuerichsee.ch\/index.php\/wp-json\/wp\/v2\/users\/3"}],"replies":[{"embeddable":true,"href":"https:\/\/aozuerichsee.ch\/index.php\/wp-json\/wp\/v2\/comments?post=360"}],"version-history":[{"count":27,"href":"https:\/\/aozuerichsee.ch\/index.php\/wp-json\/wp\/v2\/pages\/360\/revisions"}],"predecessor-version":[{"id":1086,"href":"https:\/\/aozuerichsee.ch\/index.php\/wp-json\/wp\/v2\/pages\/360\/revisions\/1086"}],"wp:attachment":[{"href":"https:\/\/aozuerichsee.ch\/index.php\/wp-json\/wp\/v2\/media?parent=360"}],"curies":[{"name":"wp","href":"https:\/\/api.w.org\/{rel}","templated":true}]}}