{"id":366,"date":"2023-09-27T15:29:03","date_gmt":"2023-09-27T13:29:03","guid":{"rendered":"https:\/\/aozuerichsee.ch\/?page_id=366"},"modified":"2025-12-30T22:46:08","modified_gmt":"2025-12-30T21:46:08","slug":"goenner-sponsoren","status":"publish","type":"page","link":"https:\/\/aozuerichsee.ch\/index.php\/goenner-sponsoren\/","title":{"rendered":"G\u00f6nner"},"content":{"rendered":"\n<h2 class=\"wp-block-heading has-text-align-center has-text-color\" style=\"color:#651d32\">Danke<\/h2>\n\n\n\n<p class=\"has-text-align-center has-medium-font-size\">\ud83d\udc99 <strong>Ein herzliches Dankesch\u00f6n an unsere G\u00f6nner und Sponsoren<\/strong> <\/p>\n\n\n\n<p>Wir danken allen Unterst\u00fctzer, die mit ihren Beitr\u00e4gen ab Fr. 50.\u2013 unsere musikalische Arbeit m\u00f6glich machen. Ihre Grossz\u00fcgigkeit st\u00e4rkt das Akkordeon Orchester Z\u00fcrichsee in seinem kulturellen Engagement und tr\u00e4gt dazu bei, dass Musik verbinden, begeistern und weiterklingen kann.<\/p>\n\n\n\n<p class=\"has-text-align-center has-medium-font-size\"><strong>Ihr Beitrag \u2013 unsere gemeinsame Klangreise.<\/strong><\/p>\n\n\n\n<div class=\"wp-block-media-text is-stacked-on-mobile is-vertically-aligned-top\" style=\"grid-template-columns:55% auto\"><figure class=\"wp-block-media-text__media\"><img loading=\"lazy\" decoding=\"async\" width=\"1024\" height=\"683\" src=\"https:\/\/aozuerichsee.ch\/wp-content\/uploads\/2024\/02\/AOz-Konzert-Nov-2023-105-1024x683.jpg\" alt=\"\" class=\"wp-image-1198 size-full\" srcset=\"https:\/\/aozuerichsee.ch\/wp-content\/uploads\/2024\/02\/AOz-Konzert-Nov-2023-105-1024x683.jpg 1024w, https:\/\/aozuerichsee.ch\/wp-content\/uploads\/2024\/02\/AOz-Konzert-Nov-2023-105-300x200.jpg 300w, https:\/\/aozuerichsee.ch\/wp-content\/uploads\/2024\/02\/AOz-Konzert-Nov-2023-105-768x512.jpg 768w, https:\/\/aozuerichsee.ch\/wp-content\/uploads\/2024\/02\/AOz-Konzert-Nov-2023-105-1536x1025.jpg 1536w, https:\/\/aozuerichsee.ch\/wp-content\/uploads\/2024\/02\/AOz-Konzert-Nov-2023-105-2048x1366.jpg 2048w\" sizes=\"auto, (max-width: 1024px) 100vw, 1024px\" \/><\/figure><div class=\"wp-block-media-text__content\">\n<ul class=\"wp-block-list\">\n<li>Ammann Siegfried, Oberrieden<\/li>\n\n\n\n<li>Bernhard Priscilla, Berg-D\u00e4gerlen<\/li>\n\n\n\n<li>Breitenmoser Heidi, Horgen<\/li>\n\n\n\n<li>Deluermoz Manuel, Gattikon<\/li>\n\n\n\n<li>Facciani Andrea, Horgen<\/li>\n\n\n\n<li>Hauser Ewald &amp; Rosa, W\u00e4denswil<\/li>\n\n\n\n<li>Hottarek Heidi, Oberrieden<\/li>\n\n\n\n<li>Iten-Vogt Trudi, Unter\u00e4geri<\/li>\n\n\n\n<li>K\u00e4lin Rita, Wangen SZ<\/li>\n\n\n\n<li>Leins Beat, Horgen<\/li>\n\n\n\n<li>Leins Herbert &amp; Marianne, Horgen<\/li>\n\n\n\n<li>Probst-W\u00fcst Margrit, Pf\u00e4ffikon SZ<\/li>\n\n\n\n<li>S\u00e4uberli Marcel, Marcel Fotografie Horgen<\/li>\n\n\n\n<li>Schaub Thomas, Meilen<\/li>\n\n\n\n<li>Schawalder Katharina, Horgen<\/li>\n\n\n\n<li>Schmid Ruedi, Adliswil<\/li>\n\n\n\n<li>Schnelli Guido, Siebnen<\/li>\n\n\n\n<li>Schwarzenbach Anneliese, Horgen<\/li>\n\n\n\n<li>Schwarzenbach Dominique &amp; Rolf, Horgenberg<\/li>\n\n\n\n<li>St\u00e4heli Boris, Web Hosting<\/li>\n\n\n\n<li>Sutter Brigitte, Horgen<\/li>\n\n\n\n<li>Sutter Reimers Helga Luise, Horgen<\/li>\n\n\n\n<li>Tiefenauer Rosa, Richterswil<\/li>\n\n\n\n<li>Vogt Ursula &amp; Heinz, Bad Zurzach<\/li>\n\n\n\n<li>Weber Jacqueline, W\u00e4denswil<\/li>\n\n\n\n<li>Weber Konrad, Horgen<\/li>\n<\/ul>\n\n\n\n<p><\/p>\n<\/div><\/div>\n\n\n\n<hr class=\"wp-block-separator has-alpha-channel-opacity\"\/>\n","protected":false},"excerpt":{"rendered":"<p>Danke \ud83d\udc99 Ein herzliches Dankesch\u00f6n an unsere G\u00f6nner und Sponsoren Wir danken allen Unterst\u00fctzer, die mit ihren Beitr\u00e4gen ab Fr. 50.\u2013 unsere musikalische Arbeit m\u00f6glich machen. Ihre Grossz\u00fcgigkeit st\u00e4rkt das Akkordeon Orchester Z\u00fcrichsee in seinem kulturellen Engagement und tr\u00e4gt dazu bei, dass Musik verbinden, begeistern und weiterklingen kann. Ihr Beitrag \u2013 unsere gemeinsame Klangreise.<\/p>\n","protected":false},"author":3,"featured_media":0,"parent":0,"menu_order":0,"comment_status":"closed","ping_status":"closed","template":"","meta":{"footnotes":""},"class_list":["post-366","page","type-page","status-publish","hentry"],"_links":{"self":[{"href":"https:\/\/aozuerichsee.ch\/index.php\/wp-json\/wp\/v2\/pages\/366","targetHints":{"allow":["GET"]}}],"collection":[{"href":"https:\/\/aozuerichsee.ch\/index.php\/wp-json\/wp\/v2\/pages"}],"about":[{"href":"https:\/\/aozuerichsee.ch\/index.php\/wp-json\/wp\/v2\/types\/page"}],"author":[{"embeddable":true,"href":"https:\/\/aozuerichsee.ch\/index.php\/wp-json\/wp\/v2\/users\/3"}],"replies":[{"embeddable":true,"href":"https:\/\/aozuerichsee.ch\/index.php\/wp-json\/wp\/v2\/comments?post=366"}],"version-history":[{"count":34,"href":"https:\/\/aozuerichsee.ch\/index.php\/wp-json\/wp\/v2\/pages\/366\/revisions"}],"predecessor-version":[{"id":1566,"href":"https:\/\/aozuerichsee.ch\/index.php\/wp-json\/wp\/v2\/pages\/366\/revisions\/1566"}],"wp:attachment":[{"href":"https:\/\/aozuerichsee.ch\/index.php\/wp-json\/wp\/v2\/media?parent=366"}],"curies":[{"name":"wp","href":"https:\/\/api.w.org\/{rel}","templated":true}]}}