{"id":570,"date":"2023-10-11T16:53:43","date_gmt":"2023-10-11T14:53:43","guid":{"rendered":"https:\/\/aozuerichsee.ch\/?page_id=570"},"modified":"2025-08-06T21:51:17","modified_gmt":"2025-08-06T19:51:17","slug":"dirigentin","status":"publish","type":"page","link":"https:\/\/aozuerichsee.ch\/index.php\/dirigentin\/","title":{"rendered":"Dirigentin"},"content":{"rendered":"\n<div class=\"wp-block-media-text is-stacked-on-mobile is-vertically-aligned-top\" style=\"grid-template-columns:31% auto\"><figure class=\"wp-block-media-text__media\"><img loading=\"lazy\" decoding=\"async\" width=\"645\" height=\"691\" src=\"https:\/\/aozuerichsee.ch\/wp-content\/uploads\/2023\/10\/Susanna_Hug.jpg\" alt=\"\" class=\"wp-image-571 size-full\" srcset=\"https:\/\/aozuerichsee.ch\/wp-content\/uploads\/2023\/10\/Susanna_Hug.jpg 645w, https:\/\/aozuerichsee.ch\/wp-content\/uploads\/2023\/10\/Susanna_Hug-280x300.jpg 280w\" sizes=\"auto, (max-width: 645px) 100vw, 645px\" \/><\/figure><div class=\"wp-block-media-text__content\">\n<h3 class=\"wp-block-heading\">\ud83c\udfbc <strong>Susanna Hug-Iten \u2013 musikalisches Herzst\u00fcck des AOZ<\/strong> <\/h3>\n\n\n\n<p>Seit \u00fcber 40 Jahren pr\u00e4gt Susanna Hug-Iten mit Leidenschaft und Weitblick die Entwicklung des Akkordeon Orchesters. Ihrem unerm\u00fcdlichen Engagement ist es zu verdanken, dass das Orchester nicht nur in der Gemeinde Horgen fest verankert ist, sondern sich als <strong>dynamisches, vielseitiges und modernes <\/strong>Orchester am musikalischen Puls der Zeit bewegt.<\/p>\n\n\n\n<p>Mit ihrer Leidenschat zum Akkordeon, ihrer Erfahrung und ihrem feinen Gesp\u00fcr f\u00fcr Klang und Gemeinschaft inspiriert sie die Spieler \u2013 und schenkt dem AOZ eine lebendige Zukunft.<\/p>\n<\/div><\/div>\n\n\n\n<p>Susanna Hug-Iten sch\u00f6pft alle M\u00f6glichkeiten aus, um unter Ber\u00fccksichtigung aller Anordnungen in irgendeiner Form zu proben und mit Konzerten in Horgen und Umgebung aufzutreten. Der Bergsport lehrte sie, andere zu f\u00fchren, sie holt das Beste aus jedem Spieler heraus und f\u00fcgt das Orchester mit sicherem Gesp\u00fcr f\u00fcr Harmonie und Rhythmen zu einzigartigen Akkordeonkl\u00e4ngen zusammen.<\/p>\n\n\n\n<p>Durch ihren unerm\u00fcdlichen Einsatz tr\u00e4gt sie wesentlich zum kulturellen Geschehen in den Z\u00fcrichsee Gemeinden sowie dem Erhalt und F\u00f6rderung der vielseitigen Akkordeonmusik bei. Mit dem Akkordeon Orchester Z\u00fcrichsee sorgt sie immer wieder mit frischer und \u00fcberraschender Akkordeon-Musik f\u00fcr Begeisterung bei Jung und Alt und zaubert besondere Stimmungen an den verschiedenen Konzerten, sei es in der Kirche, an Dorffesten, in Altersheimen oder an sonstige Gemeindefestlichkeiten.<\/p>\n\n\n\n<h3 class=\"wp-block-heading\">Stationen ihres Engagements<\/h3>\n\n\n\n<div class=\"wp-block-media-text has-media-on-the-right is-stacked-on-mobile\" style=\"grid-template-columns:auto 24%\"><div class=\"wp-block-media-text__content\">\n<ul class=\"wp-block-list\">\n<li>1983 Eintritt im Verein Akkordeon Orchester Horgen (ehem. Handharmonika-Club Horgen) in der Juniorengruppe<\/li>\n\n\n\n<li>1986 \u00dcbertritt zu der Seniorengruppe im Akkordeon Orchester Horgen<\/li>\n\n\n\n<li>2004 Dirigentendiplom EHAMV (Eidg. Harmonika- und Akkordeon-Musikverband)<\/li>\n\n\n\n<li>2005 Vize-Dirigentin Akkordeon Orchester Horgen<\/li>\n\n\n\n<li>2010 Dirigentin im Jobsharing im Akkordeon Orchester Horgen<\/li>\n\n\n\n<li>2016 Dirigentin Akkordeon Orchester Horgen<\/li>\n\n\n\n<li>2019 Dirigentin Spielgemeinschaft der Akkordeon Orchester Horgen, R\u00fcschlikon, Thalwil, Oberrieden &amp; ehemaligen W\u00e4denswil<\/li>\n\n\n\n<li>2023 Dirigentin Akkordeon Orchester Z\u00fcrichsee<\/li>\n<\/ul>\n<\/div><figure class=\"wp-block-media-text__media\"><img loading=\"lazy\" decoding=\"async\" width=\"767\" height=\"1024\" src=\"https:\/\/aozuerichsee.ch\/wp-content\/uploads\/2023\/10\/0C3A3667-scaled-e1697113210791-767x1024.jpg\" alt=\"\" class=\"wp-image-673 size-full\" srcset=\"https:\/\/aozuerichsee.ch\/wp-content\/uploads\/2023\/10\/0C3A3667-scaled-e1697113210791-767x1024.jpg 767w, https:\/\/aozuerichsee.ch\/wp-content\/uploads\/2023\/10\/0C3A3667-scaled-e1697113210791-225x300.jpg 225w, https:\/\/aozuerichsee.ch\/wp-content\/uploads\/2023\/10\/0C3A3667-scaled-e1697113210791-768x1026.jpg 768w, https:\/\/aozuerichsee.ch\/wp-content\/uploads\/2023\/10\/0C3A3667-scaled-e1697113210791-1150x1536.jpg 1150w, https:\/\/aozuerichsee.ch\/wp-content\/uploads\/2023\/10\/0C3A3667-scaled-e1697113210791-1534x2048.jpg 1534w, https:\/\/aozuerichsee.ch\/wp-content\/uploads\/2023\/10\/0C3A3667-scaled-e1697113210791.jpg 1706w\" sizes=\"auto, (max-width: 767px) 100vw, 767px\" \/><\/figure><\/div>\n\n\n\n<h3 class=\"wp-block-heading\">Innovationen &amp; Vernetzung<\/h3>\n\n\n\n<div class=\"wp-block-media-text is-stacked-on-mobile is-vertically-aligned-top\" style=\"grid-template-columns:31% auto\"><figure class=\"wp-block-media-text__media\"><img loading=\"lazy\" decoding=\"async\" width=\"1024\" height=\"994\" src=\"https:\/\/aozuerichsee.ch\/wp-content\/uploads\/2023\/10\/0C3A3697kopie-1024x994.jpg\" alt=\"\" class=\"wp-image-676 size-full\" srcset=\"https:\/\/aozuerichsee.ch\/wp-content\/uploads\/2023\/10\/0C3A3697kopie-1024x994.jpg 1024w, https:\/\/aozuerichsee.ch\/wp-content\/uploads\/2023\/10\/0C3A3697kopie-300x291.jpg 300w, https:\/\/aozuerichsee.ch\/wp-content\/uploads\/2023\/10\/0C3A3697kopie-768x746.jpg 768w, https:\/\/aozuerichsee.ch\/wp-content\/uploads\/2023\/10\/0C3A3697kopie-1536x1492.jpg 1536w, https:\/\/aozuerichsee.ch\/wp-content\/uploads\/2023\/10\/0C3A3697kopie-2048x1989.jpg 2048w\" sizes=\"auto, (max-width: 1024px) 100vw, 1024px\" \/><\/figure><div class=\"wp-block-media-text__content\">\n<ul class=\"wp-block-list\">\n<li>Verschiedene Music &amp; Dine Konzerte in Horgen<\/li>\n\n\n\n<li>Konzerte mit Ch\u00f6ren sowie Einsatz von Zusatzinstrumenten im Akkordeon-Orchester wie Bass, Elektronium, Keyboards, E-Gitarre, Schlagzeug, Percussion und Pauken und zuweilen Klavier<\/li>\n\n\n\n<li>Dirigenten-Jobsharing<\/li>\n\n\n\n<li>Zusammenschluss der musikalischen Leitung von drei Akkordeon-Orchestern: AO Horgen, AO R\u00fcschlikon, Thalwil, Oberrieden und AO W\u00e4denswil&nbsp;&nbsp;&nbsp;&nbsp;&nbsp;&nbsp;&nbsp;&nbsp;&nbsp;&nbsp;&nbsp;&nbsp;&nbsp;&nbsp;&nbsp;&nbsp;&nbsp;&nbsp;&nbsp;&nbsp;&nbsp;&nbsp;&nbsp;&nbsp;&nbsp;&nbsp;&nbsp;&nbsp;&nbsp;&nbsp;&nbsp;&nbsp;&nbsp;&nbsp;&nbsp;&nbsp;&nbsp;&nbsp;&nbsp;&nbsp;&nbsp;&nbsp;&nbsp;&nbsp;<\/li>\n\n\n\n<li>2021 Erstauff\u00fchrung des St\u00fcckes Danz\u00f3n No. 2 von Arturo M\u00e1rquez von einem Akkordeon-Orchester in der Schweiz<\/li>\n<\/ul>\n<\/div><\/div>\n\n\n\n<h3 class=\"wp-block-heading\">Hintergrund<\/h3>\n\n\n\n<p>Susanna Hug-Iten wurde am 30.7.1970 in Horgen geboren und verbrachte Ihre Kind- und Jugendzeit in Horgen, wo sie auch die obligatorische Schule absolvierte. Ab der zweiten Oberstufe wechselte sie an das Gymnasium in Z\u00fcrich. Sie studierte an der ETH Z\u00fcrich als Lebensmittelingenieurin und doktorierte anschliessend im Bereich Lebensmitteltechnologie.<\/p>\n\n\n\n<p>Susanna Hug-Iten startete ihre musikalische Karriere bei der Akkordeonlehrerin Frau Pasquina Stocchetti-Caprani aus Z\u00fcrich, welche damals im Schulhaus Rotweg in Horgen Akkordeon unterrichtete. Die musikalische Begabung von Susanna Hug-Iten, gepaart mit Neugier, Ehrgeiz und Fleiss, waren ab 1983 im Junioren-Orchester eine grosse St\u00fctze. 1991 trat sie in das Senioren-Orchester \u00fcber und war dort eine der f\u00fchrenden Spielerinnen.<\/p>\n\n\n\n<p>Obwohl beruflich sehr engagiert, mittlerweile in Z\u00fcrich wohnhaft und verheiratet mit 2 Kindern, besuchte sie nahezu jede w\u00f6chentliche Probe des Orchesters in Horgen. Nebenbei absolvierte Susanna Hug-Iten drei Dirigentenkurse des EHAMV (Eidg. Harmonika- und Akkordeon-Musikverband) und schloss das Dirigenten-Diplom 2004 mit der Bestnote erfolgreich ab.<\/p>\n\n\n\n<p>Zu Beginn ihrer Dirigentenkarriere unterst\u00fctzte Susanna Hug-Iten den damaligen Dirigenten des Akkordeon Orchesters Horgen, Ewald Hauser, als Vize-Dirigentin und konnte in dieser Funktion bei verschiedenen Auftritten Erfahrungen sammeln. 2010 \u00fcbergab Ewald Hauser seinen Dirigentenstab am traditionellen Jahreskonzert im grossen Saal des Schinzenhofs Horgen in die H\u00e4nde zweier Dirigentinnen. Das AOH wurde nun als erstes Akkordeon-Orchester in der Schweiz im Jobsharing von Susanna Hug-Iten und Therese L\u00fcthi musikalisch gef\u00fchrt. Das Jobsharing Dirigententeam erzielte am Eidgen\u00f6ssischen Musikfest 2012 mit dem Akkordeon-Orchester Horgen in Winterthur das Pr\u00e4dikat \u2018sehr gut\u2019 in der Kategorie Oberstufe.<\/p>\n\n\n\n<p>Susanna Hug-Iten hatte auch eine neue Konzertidee: Music &amp; Dine in einem Restaurant, wo sich die G\u00e4ste kulinarisch wie musikalisch zu passender Akkordeonmusik verw\u00f6hnen lassen konnten. Das Konzertkonzept wurde erstmals 2011 im Restaurant Pizzeria La Fontana in Horgen durchgef\u00fchrt. Es folgten zwei weitere Music &amp; Dine Konzerte im Restaurant Schwan in Horgen und eines 2023 im Landgasthof Halbinsel Au.<\/p>\n\n\n\n<p>2016 \u00fcbernahm Susanna Hug-Iten die volle musikalische Leitung und weitere Konzertideen wurden in Zusammenarbeit mit dem M\u00e4nnerchor Horgen und \u00fcber die Gemeindegrenze hinaus mit dem M\u00e4nnerchor Einsiedeln und den Jodelclub Waldstattecho Einsiedeln realisiert.<\/p>\n\n\n\n<p>2019 f\u00fchrte die Begeisterung f\u00fcr das Akkordeon die Spielenden von drei eigenst\u00e4ndigen Akkordeon-Orchestern zu einer Spielgemeinschaft zusammen. Susanna Hug-Iten \u00fcberzeugte die Spielenden des Akkordeon-Orchesters R\u00fcschlikon, Thalwil, Oberrieden und des Akkordeon-Orchesters W\u00e4denswil mit ihrer mitreissenden, erfrischenden und professionellen Art. <\/p>\n\n\n\n<p>2023 fusionierten die Akkordeon-Orchester zum <strong>Akkordeon Orchester Z\u00fcrichsee<\/strong> und Susanna Hug-Iten \u00fcbernahm die musikalische Leitung.<\/p>\n\n\n<div class=\"wp-block-image\">\n<figure class=\"aligncenter size-large is-resized\"><img loading=\"lazy\" decoding=\"async\" width=\"1024\" height=\"785\" src=\"https:\/\/aozuerichsee.ch\/wp-content\/uploads\/2023\/10\/Dorffest_20220903_012-e1697113275367-1024x785.jpg\" alt=\"\" class=\"wp-image-679\" style=\"width:328px;height:251px\" srcset=\"https:\/\/aozuerichsee.ch\/wp-content\/uploads\/2023\/10\/Dorffest_20220903_012-e1697113275367-1024x785.jpg 1024w, https:\/\/aozuerichsee.ch\/wp-content\/uploads\/2023\/10\/Dorffest_20220903_012-e1697113275367-300x230.jpg 300w, https:\/\/aozuerichsee.ch\/wp-content\/uploads\/2023\/10\/Dorffest_20220903_012-e1697113275367-768x589.jpg 768w, https:\/\/aozuerichsee.ch\/wp-content\/uploads\/2023\/10\/Dorffest_20220903_012-e1697113275367.jpg 1340w\" sizes=\"auto, (max-width: 1024px) 100vw, 1024px\" \/><\/figure>\n<\/div>\n\n\n<hr class=\"wp-block-separator has-alpha-channel-opacity\"\/>\n\n\n\n<p><\/p>\n","protected":false},"excerpt":{"rendered":"<p>\ud83c\udfbc Susanna Hug-Iten \u2013 musikalisches Herzst\u00fcck des AOZ Seit \u00fcber 40 Jahren pr\u00e4gt Susanna Hug-Iten mit Leidenschaft und Weitblick die Entwicklung des Akkordeon Orchesters. Ihrem unerm\u00fcdlichen Engagement ist es zu verdanken, dass das Orchester nicht nur in der Gemeinde Horgen fest verankert ist, sondern sich als dynamisches, vielseitiges und modernes Orchester am musikalischen Puls der&hellip;<\/p>\n","protected":false},"author":3,"featured_media":0,"parent":0,"menu_order":0,"comment_status":"closed","ping_status":"closed","template":"","meta":{"footnotes":""},"class_list":["post-570","page","type-page","status-publish","hentry"],"_links":{"self":[{"href":"https:\/\/aozuerichsee.ch\/index.php\/wp-json\/wp\/v2\/pages\/570","targetHints":{"allow":["GET"]}}],"collection":[{"href":"https:\/\/aozuerichsee.ch\/index.php\/wp-json\/wp\/v2\/pages"}],"about":[{"href":"https:\/\/aozuerichsee.ch\/index.php\/wp-json\/wp\/v2\/types\/page"}],"author":[{"embeddable":true,"href":"https:\/\/aozuerichsee.ch\/index.php\/wp-json\/wp\/v2\/users\/3"}],"replies":[{"embeddable":true,"href":"https:\/\/aozuerichsee.ch\/index.php\/wp-json\/wp\/v2\/comments?post=570"}],"version-history":[{"count":41,"href":"https:\/\/aozuerichsee.ch\/index.php\/wp-json\/wp\/v2\/pages\/570\/revisions"}],"predecessor-version":[{"id":1464,"href":"https:\/\/aozuerichsee.ch\/index.php\/wp-json\/wp\/v2\/pages\/570\/revisions\/1464"}],"wp:attachment":[{"href":"https:\/\/aozuerichsee.ch\/index.php\/wp-json\/wp\/v2\/media?parent=570"}],"curies":[{"name":"wp","href":"https:\/\/api.w.org\/{rel}","templated":true}]}}